{"id":541,"date":"2026-01-28T12:53:40","date_gmt":"2026-01-28T12:53:40","guid":{"rendered":"https:\/\/beamon.ai\/?page_id=541"},"modified":"2026-03-24T14:41:28","modified_gmt":"2026-03-24T14:41:28","slug":"oerak","status":"publish","type":"page","link":"https:\/\/beamon.ai\/de\/oerak\/","title":{"rendered":"\u00d6RAK"},"content":{"rendered":"\n<div class=\"wp-block-group partner-hero is-layout-constrained wp-block-group-is-layout-constrained\"><div class=\"wp-block-media-text has-media-on-the-right is-stacked-on-mobile has-shadow\" style=\"grid-template-columns:auto 51%\"><div class=\"wp-block-media-text__content\">\n<h1 class=\"wp-block-heading\">BEAMON AI &ndash; der KI-Assistent f&uuml;r &ouml;sterreichische Rechtsanwaltskanzleien<\/h1>\n\n\n\n<p class=\"wp-block-paragraph\">Exklusiv f&uuml;r Standesmitglieder &ndash; in Kooperation mit BRYTER.<\/p>\n\n\n\n<p class=\"wp-block-paragraph\">BEAMON AI unterst&uuml;tzt Rechtsanw&auml;ltinnen und Rechtsanw&auml;lte bei der t&auml;glichen Arbeit: schneller recherchieren, Inhalte strukturieren, Entw&uuml;rfe erstellen &ndash; sicher, effizient und speziell f&uuml;r den Kanzleialltag gemacht. <\/p>\n\n\n<div class=\"wp-block-buttons has-1-buttons is-layout-flex wp-block-buttons-is-layout-flex\">\n<div class=\"wp-block-button is-style-animated is-style-animated--1\"><a class=\"wp-block-button__link wp-element-button\" href=\"https:\/\/ai.bryter.io\/sign-up\" rel=\"noopener\">Kostenlos testen<\/a><\/div>\n<\/div><\/div><figure class=\"wp-block-media-text__media\"><img decoding=\"async\" width=\"1824\" height=\"1350\" src=\"https:\/\/beamon.ai\/wp-content\/uploads\/2026\/01\/ORAK-page-hero-final.jpg\" alt=\"\" class=\"wp-image-643 size-full\" loading=\"lazy\" fetchPriority=\"low\" srcset=\"https:\/\/beamon.ai\/wp-content\/uploads\/2026\/01\/ORAK-page-hero-final.jpg 1824w, https:\/\/beamon.ai\/wp-content\/uploads\/2026\/01\/ORAK-page-hero-final-300x222.jpg 300w, https:\/\/beamon.ai\/wp-content\/uploads\/2026\/01\/ORAK-page-hero-final-843x624.jpg 843w, https:\/\/beamon.ai\/wp-content\/uploads\/2026\/01\/ORAK-page-hero-final-768x568.jpg 768w, https:\/\/beamon.ai\/wp-content\/uploads\/2026\/01\/ORAK-page-hero-final-1536x1137.jpg 1536w\" sizes=\"auto, (max-width: 1824px) 100vw, 1824px\" \/><\/figure><\/div><\/div>\n\n\n\n<div class=\"wp-block-group my-10 is-layout-constrained wp-container-core-group-is-layout-0bb1379c wp-block-group-is-layout-constrained\"><div class=\"wp-block-media-text is-stacked-on-mobile has-shadow\"><figure class=\"wp-block-media-text__media\"><img decoding=\"async\" width=\"843\" height=\"624\" src=\"https:\/\/beamon.ai\/wp-content\/uploads\/2026\/01\/oerak-assist-843x624.jpg\" alt=\"\" class=\"wp-image-633 size-full\" loading=\"lazy\" fetchPriority=\"low\" srcset=\"https:\/\/beamon.ai\/wp-content\/uploads\/2026\/01\/oerak-assist-843x624.jpg 843w, https:\/\/beamon.ai\/wp-content\/uploads\/2026\/01\/oerak-assist-300x222.jpg 300w, https:\/\/beamon.ai\/wp-content\/uploads\/2026\/01\/oerak-assist-768x568.jpg 768w, https:\/\/beamon.ai\/wp-content\/uploads\/2026\/01\/oerak-assist-1536x1137.jpg 1536w, https:\/\/beamon.ai\/wp-content\/uploads\/2026\/01\/oerak-assist.jpg 1824w\" sizes=\"auto, (max-width: 843px) 100vw, 843px\" \/><\/figure><div class=\"wp-block-media-text__content\">\n<h2 class=\"wp-block-heading\">&Ouml;RAK x BRYTER: KI f&uuml;r die anwaltliche Praxis<\/h2>\n\n\n\n<p class=\"has-medium-font-size wp-block-paragraph\">Der &Ouml;sterreichische Rechtsanwaltskammertag (&Ouml;RAK) und BRYTER kooperieren, um &ouml;sterreichischen Rechtsanw&auml;ltinnen und Rechtsanw&auml;lten einen einfachen und sicheren Zugang zu praxisnaher KI zu erm&ouml;glichen.<\/p>\n\n\n\n<h5 class=\"wp-block-heading\"><strong>Entwickelt f&uuml;r Juristinnen und Juristen &ndash; nicht adaptiert, sondern ma&szlig;geschneidert<\/strong><\/h5>\n\n\n\n<p class=\"wp-block-paragraph\">BEAMON AI wurde von Grund auf f&uuml;r die Anforderungen juristischer Arbeit entwickelt. Im Mittelpunkt stehen:<\/p>\n\n\n\n<ul class=\"wp-block-list\">\n<li><strong>Anwaltliche Denkweise<\/strong>: Die KI versteht juristische Dokumentenlogik, Subsumtionstechnik und die Struktur rechtlicher Argumentation<\/li>\n\n\n\n<li><strong>Zeitersparnis im Kanzleialltag<\/strong>: Automatisierung zeitraubender Routineaufgaben &ndash; mehr Zeit f&uuml;r mandantenorientierte Beratung und komplexe Rechtsfragen<\/li>\n\n\n\n<li><strong>Verantwortungsvoller KI-Einsatz<\/strong>: Transparente Arbeitsweise, nachvollziehbare Ergebnisse und volle Kontrolle &uuml;ber alle generierten Inhalte &ndash; Sie behalten immer die Kontrolle &uuml;ber Ihr Verfahren<\/li>\n<\/ul>\n<\/div><\/div><\/div>\n\n\n<div class=\"wp-block-media-text has-media-on-the-right is-stacked-on-mobile is-vertically-aligned-center\" style=\"margin-top:0;margin-bottom:0;padding-top:var(--wp--preset--spacing--1);padding-right:var(--wp--preset--spacing--8);padding-bottom:var(--wp--preset--spacing--1);padding-left:var(--wp--preset--spacing--8);grid-template-columns:auto 39%\"><div class=\"wp-block-media-text__content\">\n<h2 class=\"wp-block-heading\">RIS-Integration <\/h2>\n\n\n\n<p class=\"wp-block-paragraph\">Recherche mit verifizierten Rechtsquellen direkt aus dem Rechtsinformationssystem des Bundes &ndash; &ouml;sterreichische Gesetze, Verordnungen und aktuelle Judikatur stets auf dem neuesten Stand<\/p>\n<\/div><figure class=\"wp-block-media-text__media\"><img decoding=\"async\" width=\"851\" height=\"315\" src=\"https:\/\/beamon.ai\/wp-content\/uploads\/2026\/02\/3.png\" alt=\"\" class=\"wp-image-758 size-full\" loading=\"lazy\" fetchPriority=\"low\" srcset=\"https:\/\/beamon.ai\/wp-content\/uploads\/2026\/02\/3.png 851w, https:\/\/beamon.ai\/wp-content\/uploads\/2026\/02\/3-300x111.png 300w, https:\/\/beamon.ai\/wp-content\/uploads\/2026\/02\/3-768x284.png 768w\" sizes=\"auto, (max-width: 851px) 100vw, 851px\" \/><\/figure><\/div>\n\n\n<div class=\"wp-block-group my-10 is-layout-constrained wp-container-core-group-is-layout-0bb1379c wp-block-group-is-layout-constrained\"><figure class=\"wp-block-image aligncenter size-full is-resized\"><img decoding=\"async\" width=\"554\" height=\"330\" src=\"https:\/\/beamon.ai\/wp-content\/uploads\/2026\/03\/11Word_Frame.png\" alt=\"\" class=\"wp-image-1216\" style=\"width:470px;height:auto\" loading=\"lazy\" fetchPriority=\"low\" srcset=\"https:\/\/beamon.ai\/wp-content\/uploads\/2026\/03\/11Word_Frame.png 554w, https:\/\/beamon.ai\/wp-content\/uploads\/2026\/03\/11Word_Frame-300x179.png 300w\" sizes=\"auto, (max-width: 554px) 100vw, 554px\" \/><\/figure>\n\n<div class=\"wp-block-media-text is-stacked-on-mobile has-shadow\" style=\"padding-top:var(--wp--preset--spacing--8);padding-bottom:var(--wp--preset--spacing--8);grid-template-columns:49% auto\"><figure class=\"wp-block-media-text__media\"><img decoding=\"async\" width=\"1134\" height=\"533\" src=\"https:\/\/beamon.ai\/wp-content\/uploads\/2026\/03\/OeRAK-Workflows-1134x533.png\" alt=\"\" class=\"wp-image-1225 size-full\" loading=\"lazy\" fetchPriority=\"low\" srcset=\"https:\/\/beamon.ai\/wp-content\/uploads\/2026\/03\/OeRAK-Workflows-1134x533.png 1134w, https:\/\/beamon.ai\/wp-content\/uploads\/2026\/03\/OeRAK-Workflows-300x141.png 300w, https:\/\/beamon.ai\/wp-content\/uploads\/2026\/03\/OeRAK-Workflows-768x361.png 768w, https:\/\/beamon.ai\/wp-content\/uploads\/2026\/03\/OeRAK-Workflows-1536x722.png 1536w, https:\/\/beamon.ai\/wp-content\/uploads\/2026\/03\/OeRAK-Workflows.jpg 1914w\" sizes=\"auto, (max-width: 1134px) 100vw, 1134px\" \/><\/figure><div class=\"wp-block-media-text__content\">\n<h2 class=\"wp-block-heading\">Ihre Vorteile als Standesmitglied<\/h2>\n\n\n\n<p class=\"has-medium-font-size wp-block-paragraph\">Als Mitglied&nbsp;einer &ouml;sterreichischen Rechtsanwaltskammer&nbsp;profitieren Sie von einzigartigen Vorteilen, die nur&nbsp;Standesmitgliedern&nbsp;vorbehalten sind:<\/p>\n\n\n\n<ul class=\"wp-block-list\">\n<li><strong>6 Monate kostenloser Vollzugang<\/strong> &ndash; Testen Sie BEAMON AI v&ouml;llig <strong>unverbindlich und risikofrei<\/strong> in Ihrer Kanzlei<\/li>\n\n\n\n<li><strong>Verg&uuml;nstigte Konditionen<\/strong> &#8211; Profitieren Sie nach Ablauf Ihres Testzugangs<strong>&nbsp;dauerhaft&nbsp;<\/strong>von<strong>&nbsp;20 % Rabatt auf den regul&auml;ren Preis.<\/strong><\/li>\n\n\n\n<li><strong>&Ouml;RAK-spezifische Inhalte<\/strong>&nbsp;&ndash; Vorgefertigte Prompt-Vorlagen und Workflows, entwickelt speziell f&uuml;r Ihre Bed&uuml;rfnisse<\/li>\n\n\n\n<li><strong>Sofort einsatzbereit<\/strong> &ndash; Unkompliziertes Onboarding mit pers&ouml;nlicher Begleitung durch unser Support-Team<\/li>\n\n\n\n<li><strong>Stetige Weiterbildungen<\/strong> &ndash; Schulungen und Webinare zur optimalen Nutzung von KI in Ihrer Kanzlei<\/li>\n<\/ul>\n\n\n<div class=\"wp-block-buttons has-1-buttons is-content-justification-right is-layout-flex wp-container-core-buttons-is-layout-b507c051 wp-block-buttons-is-layout-flex\">\n<div class=\"wp-block-button is-style-animated is-style-animated--2\"><a class=\"wp-block-button__link wp-element-button\" href=\"https:\/\/ai.bryter.io\/sign-up\" rel=\"noopener\">&Ouml;RAK-Angebot sichern<\/a><\/div>\n<\/div><\/div><\/div><\/div>\n\n\n<figure class=\"wp-block-image aligncenter size-full is-resized\" style=\"margin-top:var(--wp--preset--spacing--1);margin-right:var(--wp--preset--spacing--1);margin-bottom:var(--wp--preset--spacing--1);margin-left:var(--wp--preset--spacing--1)\"><a href=\"https:\/\/www.oerak.at\" rel=\"noopener\"><img decoding=\"async\" width=\"800\" height=\"220\" src=\"https:\/\/beamon.ai\/wp-content\/uploads\/2026\/02\/oeoerak_logo-1.png\" alt=\"\" class=\"wp-image-729\" style=\"aspect-ratio:3.6366227288920556;width:638px;height:auto\" loading=\"lazy\" fetchPriority=\"low\" srcset=\"https:\/\/beamon.ai\/wp-content\/uploads\/2026\/02\/oeoerak_logo-1.png 800w, https:\/\/beamon.ai\/wp-content\/uploads\/2026\/02\/oeoerak_logo-1-300x83.png 300w, https:\/\/beamon.ai\/wp-content\/uploads\/2026\/02\/oeoerak_logo-1-768x211.png 768w\" sizes=\"auto, (max-width: 800px) 100vw, 800px\" \/><\/a><\/figure>\n\n\n<div class=\"wp-block-group my-10 is-layout-constrained wp-container-core-group-is-layout-0bb1379c wp-block-group-is-layout-constrained\"><div class=\"wp-block-media-text has-media-on-the-right is-stacked-on-mobile has-shadow\" style=\"padding-top:var(--wp--preset--spacing--8);padding-bottom:var(--wp--preset--spacing--8);grid-template-columns:auto 48%\"><div class=\"wp-block-media-text__content\">\n<h2 class=\"wp-block-heading\">Was BEAMON f&uuml;r Ihre Kanzlei leistet<\/h2>\n\n\n\n<p class=\"wp-block-paragraph\">BEAMON AI ist kein allgemeiner Chatbot, sondern Ihr spezialisierter KI-Assistent f&uuml;r den Kanzleialltag. Entwickelt, um Sie genau bei den Aufgaben zu entlasten, die t&auml;glich Zeit kosten.<\/p>\n\n\n\n<p class=\"wp-block-paragraph\"><strong>Mit BEAMON k&ouml;nnen Sie:<\/strong><\/p>\n\n\n\n<ul class=\"wp-block-list\">\n<li><strong>Juristische Texte strukturieren<\/strong>: Von der ersten Ideensammlung bis zur finalen Gliederung &ndash; BEAMON denkt juristisch mit<\/li>\n\n\n\n<li><strong>Schrifts&auml;tze und Schreiben vorbereiten<\/strong>: Erstellen Sie Entw&uuml;rfe f&uuml;r Klagen, Antr&auml;ge, Mandantenschreiben und E-Mails in Minuten statt Stunden<\/li>\n\n\n\n<li><strong>Argumentation entwickeln<\/strong>: Lassen Sie sich Argumentationslinien vorschlagen, Gegenargumente analysieren und rechtliche Zusammenfassungen erstellen<\/li>\n\n\n\n<li><strong>Sprache optimieren<\/strong>: Verbessern Sie Ton, Klarheit und Pr&auml;zision Ihrer Texte &ndash; pr&auml;zise juristische Formulierungen auf Knopfdruck<\/li>\n\n\n\n<li><strong>Routineaufgaben beschleunigen<\/strong>: Standardisierte Dokumente, Wiederholungsaufgaben und administrative Texte in Sekundenschnelle erledigen<\/li>\n<\/ul>\n\n\n\n<p class=\"wp-block-paragraph\">Das Ergebnis: mehr Zeit f&uuml;r Mandate &ndash; weniger Routinearbeiten<\/p>\n<\/div><figure class=\"wp-block-media-text__media\"><img decoding=\"async\" width=\"843\" height=\"624\" src=\"https:\/\/beamon.ai\/wp-content\/uploads\/2026\/01\/oerak-grid-843x624.jpg\" alt=\"\" class=\"wp-image-635 size-full\" loading=\"lazy\" fetchPriority=\"low\" srcset=\"https:\/\/beamon.ai\/wp-content\/uploads\/2026\/01\/oerak-grid-843x624.jpg 843w, https:\/\/beamon.ai\/wp-content\/uploads\/2026\/01\/oerak-grid-300x222.jpg 300w, https:\/\/beamon.ai\/wp-content\/uploads\/2026\/01\/oerak-grid-768x568.jpg 768w, https:\/\/beamon.ai\/wp-content\/uploads\/2026\/01\/oerak-grid-1536x1137.jpg 1536w, https:\/\/beamon.ai\/wp-content\/uploads\/2026\/01\/oerak-grid.jpg 1824w\" sizes=\"auto, (max-width: 843px) 100vw, 843px\" \/><\/figure><\/div><\/div>\n\n\n\n<div class=\"wp-block-group mt-10 container is-content-justification-center is-layout-constrained wp-container-core-group-is-layout-16ab086a wp-block-group-is-layout-constrained\" style=\"padding-top:var(--wp--preset--spacing--10);padding-bottom:var(--wp--preset--spacing--10)\">\n<div class=\"wp-block-columns section-heading-columns is-layout-flex wp-container-core-columns-is-layout-7387b849 wp-block-columns-is-layout-flex\">\n<div class=\"wp-block-column is-layout-flow wp-block-column-is-layout-flow\" style=\"flex-basis:100%\">\n<h2 class=\"wp-block-heading\">6 Monate kostenlos testen \u2013 ohne Risiko<\/h2>\n<\/div>\n\n\n\n<div class=\"wp-block-column is-layout-flow wp-block-column-is-layout-flow\" style=\"flex-basis:100%\">\n<p class=\"wp-block-paragraph\">Wir m\u00f6chten, dass Sie BEAMON im Kanzleialltag wirklich erleben. Darum gilt exklusiv f\u00fcr&nbsp;\u00f6sterreichische Rechtsanwaltskanzleien:<\/p>\n\n\n\n<p class=\"wp-block-paragraph\"><strong>Testen Sie BEAMON 6 Monate kostenlos.<\/strong><\/p>\n\n\n\n<ul class=\"wp-block-list checklist\">\n<li>keine Verpflichtung<\/li>\n\n\n\n<li>keine komplizierte Einrichtung<\/li>\n\n\n\n<li>auf Wunsch mit pers\u00f6nlicher Demo &amp; Einf\u00fchrung<\/li>\n<\/ul>\n\n\n<div class=\"wp-block-buttons has-1-buttons is-layout-flex wp-block-buttons-is-layout-flex\">\n<div class=\"wp-block-button is-style-animated is-style-animated--3\"><a class=\"wp-block-button__link wp-element-button\" href=\"https:\/\/ai.bryter.io\/sign-up\" rel=\"noopener\">Kostenlos testen<\/a><\/div>\n<\/div><\/div>\n<\/div>\n<\/div>\n\n\n\n<div class=\"wp-block-group my-10 is-layout-constrained wp-container-core-group-is-layout-0bb1379c wp-block-group-is-layout-constrained\"><div class=\"wp-block-media-text has-media-on-the-right is-stacked-on-mobile has-shadow\" style=\"grid-template-columns:auto 48%\"><div class=\"wp-block-media-text__content\">\n<h2 class=\"wp-block-heading\">Live-Demos &amp; Events: BEAMON in Aktion erleben<\/h2>\n\n\n\n<p class=\"has-medium-font-size wp-block-paragraph\">Im Rahmen der Kooperation finden regelm&auml;&szlig;ig Events und Live-Demos statt, bei denen BEAMON vorgestellt wird &ndash; inklusive typischer Kanzlei-Anwendungsf&auml;lle.<\/p>\n\n\n\n<p class=\"wp-block-paragraph\"><strong>Sie erfahren u. a.:<\/strong><\/p>\n\n\n\n<ul class=\"wp-block-list\">\n<li>wie BEAMON konkret im Kanzleialltag eingesetzt wird<\/li>\n\n\n\n<li>welche Aufgaben sich besonders gut automatisieren lassen<\/li>\n\n\n\n<li>wie Anw&auml;ltinnen und Anw&auml;lte KI effizient und verantwortungsvoll nutzen<\/li>\n<\/ul>\n\n\n\n<p class=\"wp-block-paragraph\"><strong>Webinar Einf&uuml;hrung in BEAMON AI &ndash; 7. Mai 2026, 17:00&ndash;18:00 Uhr&nbsp;<\/strong><\/p>\n\n\n\n<p class=\"wp-block-paragraph\">Zur Anmeldung:&nbsp;<a href=\"https:\/\/bryter.com\/event\/webinar-einfhrung-in-beamon-ai-ii\/\" target=\"_blank\" rel=\"noreferrer noopener\"><strong><em>hier klicken<\/em><\/strong><\/a><\/p>\n\n\n<div class=\"wp-block-buttons has-1-buttons is-layout-flex wp-block-buttons-is-layout-flex\">\n<div class=\"wp-block-button is-style-animated is-style-animated--4\"><a class=\"wp-block-button__link wp-element-button\" href=\"https:\/\/ai.bryter.io\/sign-up\" rel=\"noopener\">Kostenlos testen<\/a><\/div>\n<\/div><\/div><figure class=\"wp-block-media-text__media\"><img decoding=\"async\" width=\"1134\" height=\"594\" src=\"https:\/\/beamon.ai\/wp-content\/uploads\/2026\/03\/Einfuehrung-in-BEAMON-AI-Social-Image-webinars-1134x594.jpg\" alt=\"\" class=\"wp-image-1209 size-full\" loading=\"lazy\" fetchPriority=\"low\" srcset=\"https:\/\/beamon.ai\/wp-content\/uploads\/2026\/03\/Einfuehrung-in-BEAMON-AI-Social-Image-webinars-1134x594.jpg 1134w, https:\/\/beamon.ai\/wp-content\/uploads\/2026\/03\/Einfuehrung-in-BEAMON-AI-Social-Image-webinars-300x157.png 300w, https:\/\/beamon.ai\/wp-content\/uploads\/2026\/03\/Einfuehrung-in-BEAMON-AI-Social-Image-webinars-767x402.png 767w, https:\/\/beamon.ai\/wp-content\/uploads\/2026\/03\/Einfuehrung-in-BEAMON-AI-Social-Image-webinars.jpg 1200w\" sizes=\"auto, (max-width: 1134px) 100vw, 1134px\" \/><\/figure><\/div><\/div>\n\n\n\n<div class=\"wp-block-group mt-10 container is-content-justification-center is-layout-constrained wp-container-core-group-is-layout-b1c5564e wp-block-group-is-layout-constrained\" style=\"padding-bottom:var(--wp--preset--spacing--10)\">\n<div class=\"wp-block-columns section-heading-columns is-layout-flex wp-container-core-columns-is-layout-7387b849 wp-block-columns-is-layout-flex\">\n<div class=\"wp-block-column is-layout-flow wp-block-column-is-layout-flow\" style=\"flex-basis:100%\">\n<h2 class=\"wp-block-heading\">BEAMON wird von BRYTER bereitgestellt<\/h2>\n<\/div>\n\n\n\n<div class=\"wp-block-column is-layout-flow wp-block-column-is-layout-flow\" style=\"flex-basis:100%\">\n<p class=\"wp-block-paragraph\">BRYTER entwickelt Software f\u00fcr juristische Teams \u2013 mit Fokus auf Automatisierung, Effizienz und sichere Workflows.<\/p>\n\n\n\n<p class=\"wp-block-paragraph\"><strong>BEAMON AI <\/strong>ist die neueste Innovation dieser Expertise: <br>KI-Unterst\u00fctzung, die nicht nur funktioniert, sondern die juristische Denkweise versteht. Entwickelt von Rechtsexperten f\u00fcr Rechtsexperten.<\/p>\n<\/div>\n<\/div>\n<\/div>\n\n\n\n<div class=\"wp-block-group beamon-footer-cta-section beamon-pattern is-layout-constrained wp-block-group-is-layout-constrained\">\n<div class=\"wp-block-group footer-cta is-layout-constrained wp-block-group-is-layout-constrained\">\n<h2 class=\"wp-block-heading has-text-align-center\">Starten Sie jetzt \u2013 exklusiv mit \u00d6RAK-Rabatt<\/h2>\n\n\n\n<p class=\"has-text-align-center wp-block-paragraph\">Nutzen Sie KI dort, wo sie wirklich hilft: im Kanzleialltag.<\/p>\n\n\n<div class=\"wp-block-buttons has-1-buttons is-content-justification-center is-layout-flex wp-container-core-buttons-is-layout-3e41869c wp-block-buttons-is-layout-flex\">\n<div class=\"wp-block-button is-style-animated is-style-animated--5\"><a class=\"wp-block-button__link wp-element-button\" href=\"https:\/\/ai.bryter.io\/sign-up\" rel=\"noopener\">Kostenlos testen<\/a><\/div>\n<\/div>\n\n\n<p class=\"has-text-align-center caption wp-block-paragraph\">Verg\u00fcnstigter Zugang + 6 Monate kostenlos testen.<\/p>\n<\/div>\n<\/div>\n","protected":false},"excerpt":{"rendered":"<p>BEAMON AI \u2013 der KI-Assistent f\u00fcr \u00f6sterreichische Rechtsanwaltskanzleien Exklusiv f\u00fcr Standesmitglieder \u2013 in Kooperation mit BRYTER. BEAMON AI unterst\u00fctzt Rechtsanw\u00e4ltinnen und Rechtsanw\u00e4lte bei der t\u00e4glichen Arbeit: schneller recherchieren, Inhalte strukturieren, Entw\u00fcrfe erstellen \u2013 sicher, effizient und speziell f\u00fcr den Kanzleialltag gemacht. \u00d6RAK x BRYTER: KI f\u00fcr die anwaltliche Praxis Der \u00d6sterreichische Rechtsanwaltskammertag (\u00d6RAK) und BRYTER [&hellip;]<\/p>\n","protected":false},"author":1,"featured_media":0,"parent":0,"menu_order":0,"comment_status":"closed","ping_status":"closed","template":"","meta":{"_acf_changed":false,"_crdt_document":"","footnotes":""},"class_list":["post-541","page","type-page","status-publish","hentry"],"acf":[],"_links":{"self":[{"href":"https:\/\/beamon.ai\/de\/wp-json\/wp\/v2\/pages\/541","targetHints":{"allow":["GET"]}}],"collection":[{"href":"https:\/\/beamon.ai\/de\/wp-json\/wp\/v2\/pages"}],"about":[{"href":"https:\/\/beamon.ai\/de\/wp-json\/wp\/v2\/types\/page"}],"author":[{"embeddable":true,"href":"https:\/\/beamon.ai\/de\/wp-json\/wp\/v2\/users\/1"}],"replies":[{"embeddable":true,"href":"https:\/\/beamon.ai\/de\/wp-json\/wp\/v2\/comments?post=541"}],"version-history":[{"count":96,"href":"https:\/\/beamon.ai\/de\/wp-json\/wp\/v2\/pages\/541\/revisions"}],"predecessor-version":[{"id":1320,"href":"https:\/\/beamon.ai\/de\/wp-json\/wp\/v2\/pages\/541\/revisions\/1320"}],"wp:attachment":[{"href":"https:\/\/beamon.ai\/de\/wp-json\/wp\/v2\/media?parent=541"}],"curies":[{"name":"wp","href":"https:\/\/api.w.org\/{rel}","templated":true}]}}